{"id":27,"date":"2019-09-09T23:45:19","date_gmt":"2019-09-09T21:45:19","guid":{"rendered":"http:\/\/azubicard-relaunch-2.cweb3.rdts.de\/trier\/?page_id=27"},"modified":"2021-01-29T13:07:21","modified_gmt":"2021-01-29T12:07:21","slug":"impressum","status":"publish","type":"page","link":"https:\/\/www.azubicard.de\/bonnrheinsieg\/impressum\/","title":{"rendered":"Impressum"},"content":{"rendered":"<div class=\"wpb-content-wrapper\"><p>[vc_row css_animation=&#8220;&#8220; row_type=&#8220;row&#8220; use_row_as_full_screen_section=&#8220;no&#8220; type=&#8220;grid&#8220; angled_section=&#8220;no&#8220; text_align=&#8220;left&#8220; background_image_as_pattern=&#8220;without_pattern&#8220; padding_top=&#8220;100&#8243; padding_bottom=&#8220;100&#8243; z_index=&#8220;&#8220;][vc_column][vc_column_text]<\/p>\n<p class=\"p1\"><b>Impressum<\/b><\/p>\n<p class=\"p2\"><b>Herausgeber:<\/b><\/p>\n<p class=\"p3\">IHK Industrie- und Handelskammer Bonn\/Rhein-Sieg<br \/>\nBonner Talweg 17<br \/>\nD-53113 Bonn<\/p>\n<p>Tel +49 (0)2 28\/22 84-0<br \/>\nFax +49 (0)2 28\/22 84-170<br \/>\n<span class=\"s1\">info(at)bonn.ihk.de<\/span><\/p>\n<p class=\"p2\"><b>Rechtsform:<\/b><\/p>\n<p class=\"p3\">K\u00f6rperschaft des \u00f6ffentlichen Rechts<\/p>\n<p class=\"p2\"><b>Vertretungsberechtigte:<\/b><\/p>\n<p class=\"p3\">Gem\u00e4\u00df \u00a7 7 Abs. 2 Gesetz zur vorl\u00e4ufigen Regelung des Rechts der Industrie- und Handelskammern (IHKG) in Verbindung mit \u00a7 12 Abs. 1 der Satzung der Industrie- und Handelskammer Bonn\/Rhein-Sieg vertreten der Pr\u00e4sident und der Hauptgesch\u00e4ftsf\u00fchrer die IHK rechtsgesch\u00e4ftlich und gerichtlich. F\u00fcr die Gesch\u00e4fte der laufenden Verwaltung ist der Hauptgesch\u00e4ftsf\u00fchrer allein vertretungsberechtigt (\u00a7 12 Abs. 4 Satzung der Industrie- und Handelskammer Bonn\/Rhein-Sieg).<\/p>\n<p>Vertretungsberechtigte:<\/p>\n<p>Pr\u00e4sident:<br \/>\nStefan Hagen<br \/>\nBonner Talweg 17<br \/>\nD-53113 Bonn<br \/>\nTel +49 (0)2 28\/22 84-0<br \/>\nFax +49 (0)2 28\/22 84-170<\/p>\n<p>Hauptgesch\u00e4ftsf\u00fchrer:<br \/>\nDr. Hubertus Hille<br \/>\nBonner Talweg 17<br \/>\nD-53113 Bonn<br \/>\nTel +49 (0)2 28\/22 84-0<br \/>\nFax +49 (0)2 28\/22 84-170<\/p>\n<p class=\"p2\"><b>Aufsichtsbeh\u00f6rde:<\/b><\/p>\n<p class=\"p3\">Zust\u00e4ndige Aufsichtsbeh\u00f6rde ist gem\u00e4\u00df \u00a7 11 Abs. 1 IHKG in Verbindung mit \u00a7 2 Abs. 1 IHKG NW das Ministerium f\u00fcr Wirtschaft, Energie, Industrie, Mittelstand und Handwerk des Landes Nordrhein-Westfalen.<\/p>\n<p>Ministerium f\u00fcr Wirtschaft, Energie, Industrie, Mittelstand und Handwerk des Landes Nordrhein-Westfalen<br \/>\nBerger Allee 25<br \/>\n40213 D\u00fcsseldorf<br \/>\nTelefon: +49 (0)211\/61772-0<br \/>\n<span class=\"s1\">poststelle@mweimh.nrw.de<\/span><\/p>\n<p class=\"p2\"><b>Verantwortlich im Sinne des \u00a7 55 Abs. 2 Rundfunkstaatsvertrag:\u00a0<\/b><\/p>\n<p class=\"p4\">Michael Pieck<br \/>\nCarmen B\u00e4ttgen<\/p>\n<p>[\/vc_column_text][\/vc_column][\/vc_row]<\/p>\n<\/div>","protected":false},"excerpt":{"rendered":"<p>[vc_row css_animation=&#8220;&#8220; row_type=&#8220;row&#8220; use_row_as_full_screen_section=&#8220;no&#8220; type=&#8220;grid&#8220; angled_section=&#8220;no&#8220; text_align=&#8220;left&#8220; background_image_as_pattern=&#8220;without_pattern&#8220; padding_top=&#8220;100&#8243; padding_bottom=&#8220;100&#8243; z_index=&#8220;&#8220;][vc_column][vc_column_text] Impressum Herausgeber: IHK Industrie- und Handelskammer Bonn\/Rhein-Sieg Bonner Talweg 17 D-53113 Bonn Tel +49 (0)2 28\/22 84-0 Fax +49 (0)2 28\/22 84-170 info(at)bonn.ihk.de Rechtsform: K\u00f6rperschaft des \u00f6ffentlichen Rechts Vertretungsberechtigte: Gem\u00e4\u00df \u00a7 7 Abs. 2&#8230;<\/p>\n","protected":false},"author":1,"featured_media":0,"parent":0,"menu_order":100,"comment_status":"closed","ping_status":"closed","template":"full_width.php","meta":{"_acf_changed":false,"footnotes":""},"categories":[],"tags":[],"class_list":["post-27","page","type-page","status-publish","hentry"],"acf":[],"yoast_head":"<!-- This site is optimized with the Yoast SEO plugin v25.5 - https:\/\/yoast.com\/wordpress\/plugins\/seo\/ -->\n<title>Impressum - AzubiCard Bonn Rhein-Sieg<\/title>\n<meta name=\"robots\" content=\"index, follow, max-snippet:-1, max-image-preview:large, max-video-preview:-1\" \/>\n<link rel=\"canonical\" href=\"https:\/\/www.azubicard.de\/bonnrheinsieg\/impressum\/\" \/>\n<meta property=\"og:locale\" content=\"de_DE\" \/>\n<meta property=\"og:type\" content=\"article\" \/>\n<meta property=\"og:title\" content=\"Impressum - AzubiCard Bonn Rhein-Sieg\" \/>\n<meta property=\"og:description\" content=\"[vc_row css_animation=&#8220;&#8220; row_type=&#8220;row&#8220; use_row_as_full_screen_section=&#8220;no&#8220; type=&#8220;grid&#8220; angled_section=&#8220;no&#8220; text_align=&#8220;left&#8220; background_image_as_pattern=&#8220;without_pattern&#8220; padding_top=&#8220;100&#8243; padding_bottom=&#8220;100&#8243; z_index=&#8220;&#8220;][vc_column][vc_column_text] Impressum Herausgeber: IHK Industrie- und Handelskammer Bonn\/Rhein-Sieg Bonner Talweg 17 D-53113 Bonn Tel +49 (0)2 28\/22 84-0 Fax +49 (0)2 28\/22 84-170 info(at)bonn.ihk.de Rechtsform: K\u00f6rperschaft des \u00f6ffentlichen Rechts Vertretungsberechtigte: Gem\u00e4\u00df \u00a7 7 Abs. 2...\" \/>\n<meta property=\"og:url\" content=\"https:\/\/www.azubicard.de\/bonnrheinsieg\/impressum\/\" \/>\n<meta property=\"og:site_name\" content=\"AzubiCard Bonn Rhein-Sieg\" \/>\n<meta property=\"article:modified_time\" content=\"2021-01-29T12:07:21+00:00\" \/>\n<meta name=\"twitter:card\" content=\"summary_large_image\" \/>\n<meta name=\"twitter:label1\" content=\"Gesch\u00e4tzte Lesezeit\" \/>\n\t<meta name=\"twitter:data1\" content=\"1\u00a0Minute\" \/>\n<script type=\"application\/ld+json\" class=\"yoast-schema-graph\">{\"@context\":\"https:\/\/schema.org\",\"@graph\":[{\"@type\":\"WebPage\",\"@id\":\"https:\/\/www.azubicard.de\/bonnrheinsieg\/impressum\/\",\"url\":\"https:\/\/www.azubicard.de\/bonnrheinsieg\/impressum\/\",\"name\":\"Impressum - AzubiCard Bonn Rhein-Sieg\",\"isPartOf\":{\"@id\":\"https:\/\/www.azubicard.de\/bonnrheinsieg\/#website\"},\"datePublished\":\"2019-09-09T21:45:19+00:00\",\"dateModified\":\"2021-01-29T12:07:21+00:00\",\"breadcrumb\":{\"@id\":\"https:\/\/www.azubicard.de\/bonnrheinsieg\/impressum\/#breadcrumb\"},\"inLanguage\":\"de\",\"potentialAction\":[{\"@type\":\"ReadAction\",\"target\":[\"https:\/\/www.azubicard.de\/bonnrheinsieg\/impressum\/\"]}]},{\"@type\":\"BreadcrumbList\",\"@id\":\"https:\/\/www.azubicard.de\/bonnrheinsieg\/impressum\/#breadcrumb\",\"itemListElement\":[{\"@type\":\"ListItem\",\"position\":1,\"name\":\"Startseite\",\"item\":\"https:\/\/www.azubicard.de\/bonnrheinsieg\/\"},{\"@type\":\"ListItem\",\"position\":2,\"name\":\"Impressum\"}]},{\"@type\":\"WebSite\",\"@id\":\"https:\/\/www.azubicard.de\/bonnrheinsieg\/#website\",\"url\":\"https:\/\/www.azubicard.de\/bonnrheinsieg\/\",\"name\":\"AzubiCard Bonn Rhein-Sieg\",\"description\":\"Eine weitere AzubiCard Website\",\"potentialAction\":[{\"@type\":\"SearchAction\",\"target\":{\"@type\":\"EntryPoint\",\"urlTemplate\":\"https:\/\/www.azubicard.de\/bonnrheinsieg\/?s={search_term_string}\"},\"query-input\":{\"@type\":\"PropertyValueSpecification\",\"valueRequired\":true,\"valueName\":\"search_term_string\"}}],\"inLanguage\":\"de\"}]}<\/script>\n<!-- \/ Yoast SEO plugin. -->","yoast_head_json":{"title":"Impressum - AzubiCard Bonn Rhein-Sieg","robots":{"index":"index","follow":"follow","max-snippet":"max-snippet:-1","max-image-preview":"max-image-preview:large","max-video-preview":"max-video-preview:-1"},"canonical":"https:\/\/www.azubicard.de\/bonnrheinsieg\/impressum\/","og_locale":"de_DE","og_type":"article","og_title":"Impressum - AzubiCard Bonn Rhein-Sieg","og_description":"[vc_row css_animation=&#8220;&#8220; row_type=&#8220;row&#8220; use_row_as_full_screen_section=&#8220;no&#8220; type=&#8220;grid&#8220; angled_section=&#8220;no&#8220; text_align=&#8220;left&#8220; background_image_as_pattern=&#8220;without_pattern&#8220; padding_top=&#8220;100&#8243; padding_bottom=&#8220;100&#8243; z_index=&#8220;&#8220;][vc_column][vc_column_text] Impressum Herausgeber: IHK Industrie- und Handelskammer Bonn\/Rhein-Sieg Bonner Talweg 17 D-53113 Bonn Tel +49 (0)2 28\/22 84-0 Fax +49 (0)2 28\/22 84-170 info(at)bonn.ihk.de Rechtsform: K\u00f6rperschaft des \u00f6ffentlichen Rechts Vertretungsberechtigte: Gem\u00e4\u00df \u00a7 7 Abs. 2...","og_url":"https:\/\/www.azubicard.de\/bonnrheinsieg\/impressum\/","og_site_name":"AzubiCard Bonn Rhein-Sieg","article_modified_time":"2021-01-29T12:07:21+00:00","twitter_card":"summary_large_image","twitter_misc":{"Gesch\u00e4tzte Lesezeit":"1\u00a0Minute"},"schema":{"@context":"https:\/\/schema.org","@graph":[{"@type":"WebPage","@id":"https:\/\/www.azubicard.de\/bonnrheinsieg\/impressum\/","url":"https:\/\/www.azubicard.de\/bonnrheinsieg\/impressum\/","name":"Impressum - AzubiCard Bonn Rhein-Sieg","isPartOf":{"@id":"https:\/\/www.azubicard.de\/bonnrheinsieg\/#website"},"datePublished":"2019-09-09T21:45:19+00:00","dateModified":"2021-01-29T12:07:21+00:00","breadcrumb":{"@id":"https:\/\/www.azubicard.de\/bonnrheinsieg\/impressum\/#breadcrumb"},"inLanguage":"de","potentialAction":[{"@type":"ReadAction","target":["https:\/\/www.azubicard.de\/bonnrheinsieg\/impressum\/"]}]},{"@type":"BreadcrumbList","@id":"https:\/\/www.azubicard.de\/bonnrheinsieg\/impressum\/#breadcrumb","itemListElement":[{"@type":"ListItem","position":1,"name":"Startseite","item":"https:\/\/www.azubicard.de\/bonnrheinsieg\/"},{"@type":"ListItem","position":2,"name":"Impressum"}]},{"@type":"WebSite","@id":"https:\/\/www.azubicard.de\/bonnrheinsieg\/#website","url":"https:\/\/www.azubicard.de\/bonnrheinsieg\/","name":"AzubiCard Bonn Rhein-Sieg","description":"Eine weitere AzubiCard Website","potentialAction":[{"@type":"SearchAction","target":{"@type":"EntryPoint","urlTemplate":"https:\/\/www.azubicard.de\/bonnrheinsieg\/?s={search_term_string}"},"query-input":{"@type":"PropertyValueSpecification","valueRequired":true,"valueName":"search_term_string"}}],"inLanguage":"de"}]}},"publishpress_future_action":{"enabled":false,"date":"2026-05-07 22:05:20","action":"change-status","newStatus":"draft","terms":[],"taxonomy":"category","extraData":[]},"publishpress_future_workflow_manual_trigger":{"enabledWorkflows":[]},"_links":{"self":[{"href":"https:\/\/www.azubicard.de\/bonnrheinsieg\/wp-json\/wp\/v2\/pages\/27","targetHints":{"allow":["GET"]}}],"collection":[{"href":"https:\/\/www.azubicard.de\/bonnrheinsieg\/wp-json\/wp\/v2\/pages"}],"about":[{"href":"https:\/\/www.azubicard.de\/bonnrheinsieg\/wp-json\/wp\/v2\/types\/page"}],"author":[{"embeddable":true,"href":"https:\/\/www.azubicard.de\/bonnrheinsieg\/wp-json\/wp\/v2\/users\/1"}],"replies":[{"embeddable":true,"href":"https:\/\/www.azubicard.de\/bonnrheinsieg\/wp-json\/wp\/v2\/comments?post=27"}],"version-history":[{"count":4,"href":"https:\/\/www.azubicard.de\/bonnrheinsieg\/wp-json\/wp\/v2\/pages\/27\/revisions"}],"predecessor-version":[{"id":9702,"href":"https:\/\/www.azubicard.de\/bonnrheinsieg\/wp-json\/wp\/v2\/pages\/27\/revisions\/9702"}],"wp:attachment":[{"href":"https:\/\/www.azubicard.de\/bonnrheinsieg\/wp-json\/wp\/v2\/media?parent=27"}],"wp:term":[{"taxonomy":"category","embeddable":true,"href":"https:\/\/www.azubicard.de\/bonnrheinsieg\/wp-json\/wp\/v2\/categories?post=27"},{"taxonomy":"post_tag","embeddable":true,"href":"https:\/\/www.azubicard.de\/bonnrheinsieg\/wp-json\/wp\/v2\/tags?post=27"}],"curies":[{"name":"wp","href":"https:\/\/api.w.org\/{rel}","templated":true}]}}