{"id":18,"date":"2019-09-09T23:43:01","date_gmt":"2019-09-09T21:43:01","guid":{"rendered":"http:\/\/azubicard-relaunch-2.cweb3.rdts.de\/trier\/?page_id=18"},"modified":"2022-06-21T15:52:22","modified_gmt":"2022-06-21T13:52:22","slug":"nichts-verpassen","status":"publish","type":"page","link":"https:\/\/www.azubicard.de\/nordwestfalen\/nichts-verpassen\/","title":{"rendered":"Nichts verpassen"},"content":{"rendered":"<div class=\"wpb-content-wrapper\"><p>[vc_row css_animation=&#8220;&#8220; row_type=&#8220;row&#8220; use_row_as_full_screen_section=&#8220;no&#8220; type=&#8220;grid&#8220; angled_section=&#8220;no&#8220; text_align=&#8220;left&#8220; background_image_as_pattern=&#8220;without_pattern&#8220; padding_top=&#8220;100&#8243; padding_bottom=&#8220;100&#8243; z_index=&#8220;&#8220; el_class=&#8220;grid_section&#8220;][vc_column][vc_column_text css=&#8220;.vc_custom_1653910886632{margin-bottom: 50px !important;}&#8220;]<\/p>\n<h4>Blog<\/h4>\n<p>[\/vc_column_text][vc_column_text css=&#8220;.vc_custom_1655283006496{margin-bottom: 50px !important;}&#8220;]Keinen Bock neue Angebote oder neue Funktionen der AzubiCard zu verpassen? Hier posten wir in regelm\u00e4\u00dfigen Abst\u00e4nden aktuelle News f\u00fcr dich und deine Ausbildung! Erfahre das Neueste \u00fcber Angebote, Aktionen und Veranstaltungen, die du mit Deiner AzubiCard bekommst.[\/vc_column_text][vc_basic_grid post_type=&#8220;post&#8220; max_items=&#8220;-1&#8243; grid_id=&#8220;vc_gid:1655818837042-99c8ce03-a7a0-0&#8243; taxonomies=&#8220;789&#8243; el_class=&#8220;post-grid-wrapper blog-grid&#8220;][\/vc_column][\/vc_row][vc_row css_animation=&#8220;&#8220; row_type=&#8220;row&#8220; use_row_as_full_screen_section=&#8220;no&#8220; type=&#8220;grid&#8220; angled_section=&#8220;no&#8220; text_align=&#8220;left&#8220; background_image_as_pattern=&#8220;without_pattern&#8220; padding_top=&#8220;200&#8243; padding_bottom=&#8220;100&#8243; el_class=&#8220;custom-section custom-section-08&#8243; css=&#8220;.vc_custom_1633949134786{background-color: #eeeeee !important;}&#8220; z_index=&#8220;&#8220;][vc_column width=&#8220;1\/2&#8243; css=&#8220;.vc_custom_1568014409871{padding-top: 40px !important;padding-bottom: 40px !important;padding-left: 40px !important;}&#8220;][vc_single_image image=&#8220;4389&#8243; img_size=&#8220;full&#8220; alignment=&#8220;center&#8220; qode_css_animation=&#8220;&#8220; el_class=&#8220;is-mobile&#8220;][vc_empty_space el_class=&#8220;is-mobile&#8220;][vc_column_text el_class=&#8220;lightContent&#8220;]<\/p>\n<h4>Jetzt folgen!<\/h4>\n<p>Du willst nichts verpassen oder findest die AzubiCard einfach nur cool? Dann z\u00f6gere nicht uns auch auf Instagram zu folgen! Bei uns gibt es alles: Stories, Highlights, IGTV und nat\u00fcrlich normale Beitr\u00e4ge. Also: Worauf wartest du?<\/p>\n<p><a class=\"buttonLink buttonLinkAlt\" href=\"https:\/\/www.instagram.com\/azubicard\/\">Bin dabei<\/a>[\/vc_column_text][\/vc_column][vc_column width=&#8220;1\/2&#8243; el_class=&#8220;content-img-instagram-wrapper&#8220;][vc_single_image image=&#8220;4390&#8243; img_size=&#8220;full&#8220; alignment=&#8220;center&#8220; qode_css_animation=&#8220;element_from_bottom&#8220; el_class=&#8220;content-img-instagram is-desktop&#8220;][\/vc_column][\/vc_row]<\/p>\n<\/div>","protected":false},"excerpt":{"rendered":"<p>[vc_row css_animation=&#8220;&#8220; row_type=&#8220;row&#8220; use_row_as_full_screen_section=&#8220;no&#8220; type=&#8220;grid&#8220; angled_section=&#8220;no&#8220; text_align=&#8220;left&#8220; background_image_as_pattern=&#8220;without_pattern&#8220; padding_top=&#8220;100&#8243; padding_bottom=&#8220;100&#8243; z_index=&#8220;&#8220; el_class=&#8220;grid_section&#8220;][vc_column][vc_column_text css=&#8220;.vc_custom_1653910886632{margin-bottom: 50px !important;}&#8220;] Blog [\/vc_column_text][vc_column_text css=&#8220;.vc_custom_1655283006496{margin-bottom: 50px !important;}&#8220;]Keinen Bock neue Angebote oder neue Funktionen der AzubiCard zu verpassen? Hier posten wir in regelm\u00e4\u00dfigen Abst\u00e4nden aktuelle News f\u00fcr dich und deine Ausbildung! Erfahre das&#8230;<\/p>\n","protected":false},"author":1,"featured_media":0,"parent":0,"menu_order":4,"comment_status":"closed","ping_status":"closed","template":"full_width.php","meta":{"_acf_changed":false,"footnotes":""},"categories":[],"tags":[],"class_list":["post-18","page","type-page","status-publish","hentry"],"acf":[],"yoast_head":"<!-- This site is optimized with the Yoast SEO plugin v25.5 - https:\/\/yoast.com\/wordpress\/plugins\/seo\/ -->\n<title>Nichts verpassen - AzubiCard Nord-Westfalen<\/title>\n<meta name=\"robots\" content=\"index, follow, max-snippet:-1, max-image-preview:large, max-video-preview:-1\" \/>\n<link rel=\"canonical\" href=\"https:\/\/www.azubicard.de\/nordwestfalen\/nichts-verpassen\/\" \/>\n<meta property=\"og:locale\" content=\"de_DE\" \/>\n<meta property=\"og:type\" content=\"article\" \/>\n<meta property=\"og:title\" content=\"Nichts verpassen - AzubiCard Nord-Westfalen\" \/>\n<meta property=\"og:description\" content=\"[vc_row css_animation=&#8220;&#8220; row_type=&#8220;row&#8220; use_row_as_full_screen_section=&#8220;no&#8220; type=&#8220;grid&#8220; angled_section=&#8220;no&#8220; text_align=&#8220;left&#8220; background_image_as_pattern=&#8220;without_pattern&#8220; padding_top=&#8220;100&#8243; padding_bottom=&#8220;100&#8243; z_index=&#8220;&#8220; el_class=&#8220;grid_section&#8220;][vc_column][vc_column_text css=&#8220;.vc_custom_1653910886632{margin-bottom: 50px !important;}&#8220;] Blog [\/vc_column_text][vc_column_text css=&#8220;.vc_custom_1655283006496{margin-bottom: 50px !important;}&#8220;]Keinen Bock neue Angebote oder neue Funktionen der AzubiCard zu verpassen? Hier posten wir in regelm\u00e4\u00dfigen Abst\u00e4nden aktuelle News f\u00fcr dich und deine Ausbildung! Erfahre das...\" \/>\n<meta property=\"og:url\" content=\"https:\/\/www.azubicard.de\/nordwestfalen\/nichts-verpassen\/\" \/>\n<meta property=\"og:site_name\" content=\"AzubiCard Nord-Westfalen\" \/>\n<meta property=\"article:modified_time\" content=\"2022-06-21T13:52:22+00:00\" \/>\n<meta name=\"twitter:card\" content=\"summary_large_image\" \/>\n<meta name=\"twitter:label1\" content=\"Gesch\u00e4tzte Lesezeit\" \/>\n\t<meta name=\"twitter:data1\" content=\"1\u00a0Minute\" \/>\n<script type=\"application\/ld+json\" class=\"yoast-schema-graph\">{\"@context\":\"https:\/\/schema.org\",\"@graph\":[{\"@type\":\"WebPage\",\"@id\":\"https:\/\/www.azubicard.de\/nordwestfalen\/nichts-verpassen\/\",\"url\":\"https:\/\/www.azubicard.de\/nordwestfalen\/nichts-verpassen\/\",\"name\":\"Nichts verpassen - AzubiCard Nord-Westfalen\",\"isPartOf\":{\"@id\":\"https:\/\/www.azubicard.de\/nordwestfalen\/#website\"},\"datePublished\":\"2019-09-09T21:43:01+00:00\",\"dateModified\":\"2022-06-21T13:52:22+00:00\",\"breadcrumb\":{\"@id\":\"https:\/\/www.azubicard.de\/nordwestfalen\/nichts-verpassen\/#breadcrumb\"},\"inLanguage\":\"de\",\"potentialAction\":[{\"@type\":\"ReadAction\",\"target\":[\"https:\/\/www.azubicard.de\/nordwestfalen\/nichts-verpassen\/\"]}]},{\"@type\":\"BreadcrumbList\",\"@id\":\"https:\/\/www.azubicard.de\/nordwestfalen\/nichts-verpassen\/#breadcrumb\",\"itemListElement\":[{\"@type\":\"ListItem\",\"position\":1,\"name\":\"Startseite\",\"item\":\"https:\/\/www.azubicard.de\/nordwestfalen\/\"},{\"@type\":\"ListItem\",\"position\":2,\"name\":\"Nichts verpassen\"}]},{\"@type\":\"WebSite\",\"@id\":\"https:\/\/www.azubicard.de\/nordwestfalen\/#website\",\"url\":\"https:\/\/www.azubicard.de\/nordwestfalen\/\",\"name\":\"AzubiCard Nord-Westfalen\",\"description\":\"Eine weitere AzubiCard Website\",\"potentialAction\":[{\"@type\":\"SearchAction\",\"target\":{\"@type\":\"EntryPoint\",\"urlTemplate\":\"https:\/\/www.azubicard.de\/nordwestfalen\/?s={search_term_string}\"},\"query-input\":{\"@type\":\"PropertyValueSpecification\",\"valueRequired\":true,\"valueName\":\"search_term_string\"}}],\"inLanguage\":\"de\"}]}<\/script>\n<!-- \/ Yoast SEO plugin. -->","yoast_head_json":{"title":"Nichts verpassen - AzubiCard Nord-Westfalen","robots":{"index":"index","follow":"follow","max-snippet":"max-snippet:-1","max-image-preview":"max-image-preview:large","max-video-preview":"max-video-preview:-1"},"canonical":"https:\/\/www.azubicard.de\/nordwestfalen\/nichts-verpassen\/","og_locale":"de_DE","og_type":"article","og_title":"Nichts verpassen - AzubiCard Nord-Westfalen","og_description":"[vc_row css_animation=&#8220;&#8220; row_type=&#8220;row&#8220; use_row_as_full_screen_section=&#8220;no&#8220; type=&#8220;grid&#8220; angled_section=&#8220;no&#8220; text_align=&#8220;left&#8220; background_image_as_pattern=&#8220;without_pattern&#8220; padding_top=&#8220;100&#8243; padding_bottom=&#8220;100&#8243; z_index=&#8220;&#8220; el_class=&#8220;grid_section&#8220;][vc_column][vc_column_text css=&#8220;.vc_custom_1653910886632{margin-bottom: 50px !important;}&#8220;] Blog [\/vc_column_text][vc_column_text css=&#8220;.vc_custom_1655283006496{margin-bottom: 50px !important;}&#8220;]Keinen Bock neue Angebote oder neue Funktionen der AzubiCard zu verpassen? Hier posten wir in regelm\u00e4\u00dfigen Abst\u00e4nden aktuelle News f\u00fcr dich und deine Ausbildung! Erfahre das...","og_url":"https:\/\/www.azubicard.de\/nordwestfalen\/nichts-verpassen\/","og_site_name":"AzubiCard Nord-Westfalen","article_modified_time":"2022-06-21T13:52:22+00:00","twitter_card":"summary_large_image","twitter_misc":{"Gesch\u00e4tzte Lesezeit":"1\u00a0Minute"},"schema":{"@context":"https:\/\/schema.org","@graph":[{"@type":"WebPage","@id":"https:\/\/www.azubicard.de\/nordwestfalen\/nichts-verpassen\/","url":"https:\/\/www.azubicard.de\/nordwestfalen\/nichts-verpassen\/","name":"Nichts verpassen - AzubiCard Nord-Westfalen","isPartOf":{"@id":"https:\/\/www.azubicard.de\/nordwestfalen\/#website"},"datePublished":"2019-09-09T21:43:01+00:00","dateModified":"2022-06-21T13:52:22+00:00","breadcrumb":{"@id":"https:\/\/www.azubicard.de\/nordwestfalen\/nichts-verpassen\/#breadcrumb"},"inLanguage":"de","potentialAction":[{"@type":"ReadAction","target":["https:\/\/www.azubicard.de\/nordwestfalen\/nichts-verpassen\/"]}]},{"@type":"BreadcrumbList","@id":"https:\/\/www.azubicard.de\/nordwestfalen\/nichts-verpassen\/#breadcrumb","itemListElement":[{"@type":"ListItem","position":1,"name":"Startseite","item":"https:\/\/www.azubicard.de\/nordwestfalen\/"},{"@type":"ListItem","position":2,"name":"Nichts verpassen"}]},{"@type":"WebSite","@id":"https:\/\/www.azubicard.de\/nordwestfalen\/#website","url":"https:\/\/www.azubicard.de\/nordwestfalen\/","name":"AzubiCard Nord-Westfalen","description":"Eine weitere AzubiCard Website","potentialAction":[{"@type":"SearchAction","target":{"@type":"EntryPoint","urlTemplate":"https:\/\/www.azubicard.de\/nordwestfalen\/?s={search_term_string}"},"query-input":{"@type":"PropertyValueSpecification","valueRequired":true,"valueName":"search_term_string"}}],"inLanguage":"de"}]}},"publishpress_future_action":{"enabled":false,"date":"2026-05-16 17:59:12","action":"change-status","newStatus":"draft","terms":[],"taxonomy":"category","extraData":[]},"publishpress_future_workflow_manual_trigger":{"enabledWorkflows":[]},"_links":{"self":[{"href":"https:\/\/www.azubicard.de\/nordwestfalen\/wp-json\/wp\/v2\/pages\/18","targetHints":{"allow":["GET"]}}],"collection":[{"href":"https:\/\/www.azubicard.de\/nordwestfalen\/wp-json\/wp\/v2\/pages"}],"about":[{"href":"https:\/\/www.azubicard.de\/nordwestfalen\/wp-json\/wp\/v2\/types\/page"}],"author":[{"embeddable":true,"href":"https:\/\/www.azubicard.de\/nordwestfalen\/wp-json\/wp\/v2\/users\/1"}],"replies":[{"embeddable":true,"href":"https:\/\/www.azubicard.de\/nordwestfalen\/wp-json\/wp\/v2\/comments?post=18"}],"version-history":[{"count":10,"href":"https:\/\/www.azubicard.de\/nordwestfalen\/wp-json\/wp\/v2\/pages\/18\/revisions"}],"predecessor-version":[{"id":15963,"href":"https:\/\/www.azubicard.de\/nordwestfalen\/wp-json\/wp\/v2\/pages\/18\/revisions\/15963"}],"wp:attachment":[{"href":"https:\/\/www.azubicard.de\/nordwestfalen\/wp-json\/wp\/v2\/media?parent=18"}],"wp:term":[{"taxonomy":"category","embeddable":true,"href":"https:\/\/www.azubicard.de\/nordwestfalen\/wp-json\/wp\/v2\/categories?post=18"},{"taxonomy":"post_tag","embeddable":true,"href":"https:\/\/www.azubicard.de\/nordwestfalen\/wp-json\/wp\/v2\/tags?post=18"}],"curies":[{"name":"wp","href":"https:\/\/api.w.org\/{rel}","templated":true}]}}